{"id":148,"date":"2013-07-11T02:54:52","date_gmt":"2013-07-11T01:54:52","guid":{"rendered":"http:\/\/blog.coesport.com\/?page_id=148"},"modified":"2013-09-26T10:30:58","modified_gmt":"2013-09-26T09:30:58","slug":"organitzativa","status":"publish","type":"page","link":"http:\/\/blog.coesport.com\/?page_id=148","title":{"rendered":"Organitzaci\u00f3"},"content":{"rendered":"<p style=\"text-align: right;\"><span style=\"color: #33cc33;\"><em><strong>\u00a0Som el catalitzador del canvi esportiu.<\/strong><\/em><\/span><\/p>\n<p><img loading=\"lazy\" decoding=\"async\" class=\"wp-image-166 alignright\" alt=\"Perfil innovador\" src=\"http:\/\/blog.coesport.com\/wp-content\/uploads\/Perfil-innovador-300x240.jpg\" width=\"240\" height=\"192\" srcset=\"http:\/\/blog.coesport.com\/wp-content\/uploads\/Perfil-innovador-300x240.jpg 300w, http:\/\/blog.coesport.com\/wp-content\/uploads\/Perfil-innovador.jpg 420w\" sizes=\"auto, (max-width: 240px) 100vw, 240px\" \/><\/p>\n<p style=\"text-align: justify;\"><span style=\"color: #000000;\">Ajudem als nostres partners a\u00a0convertir-se en els propis agents del canvi dins l\u2019organitzaci\u00f3, establint <strong>nous models organitzatius i de gesti\u00f3<\/strong> a trav\u00e9s d\u2019accions i plans formatius, <strong>involucrant a tots els agents<\/strong> perqu\u00e8 no posin nom\u00e9s el cap, sin\u00f3 tamb\u00e9 els seus cors.<\/span><\/p>\n","protected":false},"excerpt":{"rendered":"<p>\u00a0Som el catalitzador del canvi esportiu. Ajudem als nostres partners a\u00a0convertir-se en els propis agents del canvi dins l\u2019organitzaci\u00f3, establint nous models organitzatius i de gesti\u00f3 a trav\u00e9s d\u2019accions i plans formatius, involucrant a tots els agents perqu\u00e8 no posin&hellip;<\/p>\n<p class=\"more-link-p\"><a class=\"more-link\" href=\"http:\/\/blog.coesport.com\/?page_id=148\">Read more &rarr;<\/a><\/p>\n","protected":false},"author":1,"featured_media":0,"parent":30,"menu_order":0,"comment_status":"closed","ping_status":"open","template":"","meta":{"footnotes":""},"class_list":["post-148","page","type-page","status-publish","hentry"],"_links":{"self":[{"href":"http:\/\/blog.coesport.com\/index.php?rest_route=\/wp\/v2\/pages\/148","targetHints":{"allow":["GET"]}}],"collection":[{"href":"http:\/\/blog.coesport.com\/index.php?rest_route=\/wp\/v2\/pages"}],"about":[{"href":"http:\/\/blog.coesport.com\/index.php?rest_route=\/wp\/v2\/types\/page"}],"author":[{"embeddable":true,"href":"http:\/\/blog.coesport.com\/index.php?rest_route=\/wp\/v2\/users\/1"}],"replies":[{"embeddable":true,"href":"http:\/\/blog.coesport.com\/index.php?rest_route=%2Fwp%2Fv2%2Fcomments&post=148"}],"version-history":[{"count":12,"href":"http:\/\/blog.coesport.com\/index.php?rest_route=\/wp\/v2\/pages\/148\/revisions"}],"predecessor-version":[{"id":289,"href":"http:\/\/blog.coesport.com\/index.php?rest_route=\/wp\/v2\/pages\/148\/revisions\/289"}],"up":[{"embeddable":true,"href":"http:\/\/blog.coesport.com\/index.php?rest_route=\/wp\/v2\/pages\/30"}],"wp:attachment":[{"href":"http:\/\/blog.coesport.com\/index.php?rest_route=%2Fwp%2Fv2%2Fmedia&parent=148"}],"curies":[{"name":"wp","href":"https:\/\/api.w.org\/{rel}","templated":true}]}}