{"id":257,"date":"2013-09-26T08:51:56","date_gmt":"2013-09-26T07:51:56","guid":{"rendered":"http:\/\/blog.coesport.com\/?page_id=257"},"modified":"2013-09-30T08:47:38","modified_gmt":"2013-09-30T07:47:38","slug":"missio-visio-i-valors","status":"publish","type":"page","link":"http:\/\/blog.coesport.com\/?page_id=257","title":{"rendered":"Cultura organitzativa"},"content":{"rendered":"<p style=\"text-align: justify;\"><span style=\"text-decoration: underline;\"><span style=\"color: #000000; text-decoration: underline;\"><strong>Missi\u00f3<\/strong><\/span><\/span><\/p>\n<ul>\n<li><span style=\"letter-spacing: 0.05em; line-height: 1.6875; color: #000000;\">Afavorir la qualitat de vida i esportiva de les\u00a0<img loading=\"lazy\" decoding=\"async\" class=\"wp-image-164 alignright\" alt=\"Gr\u00e0fica ascendent\" src=\"http:\/\/blog.coesport.com\/wp-content\/uploads\/Gr\u00e0fica-ascendent-300x225.jpg\" width=\"153\" height=\"116\" srcset=\"http:\/\/blog.coesport.com\/wp-content\/uploads\/Gr\u00e0fica-ascendent-300x225.jpg 300w, http:\/\/blog.coesport.com\/wp-content\/uploads\/Gr\u00e0fica-ascendent.jpg 320w\" sizes=\"auto, (max-width: 153px) 100vw, 153px\" \/>organitzacions.<\/span><\/li>\n<li><span style=\"letter-spacing: 0.05em; line-height: 1.6875; color: #000000;\">Optimitzar els serveis que presten\u00a0fent-los viables i rendibles.<\/span><\/li>\n<li><span style=\"letter-spacing: 0.05em; line-height: 1.6875; color: #000000;\">Alinear les persones creant equips de treball professionals i cohesionats.<\/span><\/li>\n<li><span style=\"letter-spacing: 0.05em; line-height: 1.6875; color: #000000;\">Aplicar metodologies innovadores i adaptades a les necessitats.<\/span><\/li>\n<\/ul>\n<p><span style=\"text-decoration: underline; color: #000000;\"><strong>Visi\u00f3 <\/strong><\/span><\/p>\n<ul>\n<li><span style=\"letter-spacing: 0.05em; line-height: 1.6875; color: #000000;\">Ser una empresa pionera en la implantaci\u00f3 de projectes t\u00e8cnics i de gesti\u00f3.<\/span><img loading=\"lazy\" decoding=\"async\" class=\"alignright size-full wp-image-158\" style=\"color: #000000; letter-spacing: 0.05em; line-height: 1.6875;\" alt=\"Bombetes-idees\" src=\"http:\/\/blog.coesport.com\/wp-content\/uploads\/Bombetes-idees.jpg\" width=\"131\" height=\"127\" \/><\/li>\n<li><span style=\"color: #000000;\"><span style=\"letter-spacing: 0.05em; line-height: 1.6875;\">Cr\u00e9ixer paral\u00b7lelament a la globalitat esportiva canviant amb innovaci\u00f3 i\u00a0<\/span><span style=\"letter-spacing: 0.05em; line-height: 1.6875;\">professionalitat.<\/span><\/span><\/li>\n<li><span style=\"letter-spacing: 0.05em; line-height: 1.6875; color: #000000;\">Consolidar un equip de persones competents en diferents \u00e0mbits per assolir objectius comuns.<\/span><\/li>\n<\/ul>\n<p style=\"text-align: justify;\"><span style=\"text-decoration: underline; color: #000000;\"><strong>Valors<\/strong><\/span><\/p>\n<ul>\n<li><span style=\"letter-spacing: 0.05em; line-height: 1.6875;\"><span style=\"color: #000000;\">\u00abEntenem la globalitat de l&#8217;esport\u00bb. <\/span><span style=\"color: #33cc33;\">Valors esportius com a referent vital.<\/span><\/span><span style=\"color: #000000;\"><span style=\"outline: #000000;\"><img loading=\"lazy\" decoding=\"async\" class=\"alignright  wp-image-262\" alt=\"Treball en equip\" src=\"http:\/\/blog.coesport.com\/wp-content\/uploads\/Treball-en-equip-300x226.jpg\" width=\"210\" height=\"158\" srcset=\"http:\/\/blog.coesport.com\/wp-content\/uploads\/Treball-en-equip-300x226.jpg 300w, http:\/\/blog.coesport.com\/wp-content\/uploads\/Treball-en-equip.jpg 406w\" sizes=\"auto, (max-width: 210px) 100vw, 210px\" \/><\/span><\/span><\/li>\n<li><span style=\"letter-spacing: 0.05em; line-height: 1.6875;\"><span style=\"color: #000000;\">\u00abEl treball en equip, la millor escola de les relacions\u00bb.<\/span> <span style=\"color: #33cc33;\">Comprom\u00eds i solidaritat\u00a0<\/span><\/span><span style=\"letter-spacing: 0.05em; line-height: 1.6875; color: #33cc33;\">amb l&#8217;equip.<\/span><\/li>\n<li><span style=\"color: #000000;\"><span style=\"letter-spacing: 0.05em; line-height: 1.6875;\">\u00abLa dist\u00e0ncia entre el voler \u00e9s poder s&#8217;escur\u00e7a amb la dedicaci\u00f3 i\u00a0<\/span><\/span><span style=\"letter-spacing: 0.05em; line-height: 1.6875;\"><span style=\"color: #000000;\">l&#8217;entrenament\u00bb.<\/span> <span style=\"color: #33cc33;\">Cultura de l&#8217;esfor\u00e7.<\/span><\/span><\/li>\n<li><span style=\"letter-spacing: 0.05em; line-height: 1.6875;\"><span style=\"color: #000000;\">\u00abTreballem amb la realitat esportiva\u00bb. <\/span><span style=\"color: #33cc33;\">Aplicar el sentit com\u00fa.<\/span><\/span><\/li>\n<li><span style=\"letter-spacing: 0.05em; line-height: 1.6875;\"><span style=\"color: #000000;\">\u00abSabem transmetre i implicar el que ens apassiona\u00bb.<\/span> <span style=\"color: #33cc33;\">Entusiasme per la feina i l&#8217;esport.<\/span><\/span><\/li>\n<li><span style=\"letter-spacing: 0.05em; line-height: 1.6875;\"><span style=\"color: #000000;\">\u00abDiferenciaci\u00f3 i avantatge competitiu aportant valor afegit\u00bb. <\/span><span style=\"color: #33cc33;\">Professionalitat i innovaci\u00f3 tecnol\u00f2gica.<\/span><\/span><\/li>\n<\/ul>\n","protected":false},"excerpt":{"rendered":"<p>Missi\u00f3 Afavorir la qualitat de vida i esportiva de les\u00a0organitzacions. Optimitzar els serveis que presten\u00a0fent-los viables i rendibles. Alinear les persones creant equips de treball professionals i cohesionats. Aplicar metodologies innovadores i adaptades a les necessitats. Visi\u00f3 Ser una empresa&hellip;<\/p>\n<p class=\"more-link-p\"><a class=\"more-link\" href=\"http:\/\/blog.coesport.com\/?page_id=257\">Read more &rarr;<\/a><\/p>\n","protected":false},"author":1,"featured_media":0,"parent":2,"menu_order":0,"comment_status":"closed","ping_status":"open","template":"","meta":{"footnotes":""},"class_list":["post-257","page","type-page","status-publish","hentry"],"_links":{"self":[{"href":"http:\/\/blog.coesport.com\/index.php?rest_route=\/wp\/v2\/pages\/257","targetHints":{"allow":["GET"]}}],"collection":[{"href":"http:\/\/blog.coesport.com\/index.php?rest_route=\/wp\/v2\/pages"}],"about":[{"href":"http:\/\/blog.coesport.com\/index.php?rest_route=\/wp\/v2\/types\/page"}],"author":[{"embeddable":true,"href":"http:\/\/blog.coesport.com\/index.php?rest_route=\/wp\/v2\/users\/1"}],"replies":[{"embeddable":true,"href":"http:\/\/blog.coesport.com\/index.php?rest_route=%2Fwp%2Fv2%2Fcomments&post=257"}],"version-history":[{"count":10,"href":"http:\/\/blog.coesport.com\/index.php?rest_route=\/wp\/v2\/pages\/257\/revisions"}],"predecessor-version":[{"id":261,"href":"http:\/\/blog.coesport.com\/index.php?rest_route=\/wp\/v2\/pages\/257\/revisions\/261"}],"up":[{"embeddable":true,"href":"http:\/\/blog.coesport.com\/index.php?rest_route=\/wp\/v2\/pages\/2"}],"wp:attachment":[{"href":"http:\/\/blog.coesport.com\/index.php?rest_route=%2Fwp%2Fv2%2Fmedia&parent=257"}],"curies":[{"name":"wp","href":"https:\/\/api.w.org\/{rel}","templated":true}]}}