{"id":35,"date":"2013-03-06T22:20:35","date_gmt":"2013-03-06T22:20:35","guid":{"rendered":"http:\/\/blog.coesport.com\/?page_id=35"},"modified":"2013-09-26T11:07:08","modified_gmt":"2013-09-26T10:07:08","slug":"serveis","status":"publish","type":"page","link":"http:\/\/blog.coesport.com\/?page_id=35","title":{"rendered":"SERVEIS"},"content":{"rendered":"<p style=\"text-align: justify;\"><span style=\"color: #000000;\">A banda del servei complert de Consultoria, <span style=\"color: #33cc33;\">Co<\/span>Esport tamb\u00e9 ofereix serveis de forma a\u00efllada.\u00a0<\/span><\/p>\n<p style=\"text-align: justify;\"><span style=\"text-decoration: underline;\"><strong><span style=\"color: #000000;\"><span style=\"color: #000000;\"><a href=\"http:\/\/blog.coesport.com\/?page_id=54\">Formaci\u00f3<\/a><\/span><\/span><\/strong><\/span><\/p>\n<p style=\"text-align: justify; padding-left: 30px;\"><strong><\/strong><span style=\"color: #99cc00;\"><strong><span style=\"color: #33cc33;\"><i>La millor promoci\u00f3 la tenim dintre.<\/i><\/span><\/strong><\/span><\/p>\n<p style=\"text-align: justify;\"><strong><span style=\"color: #000000;\"><span style=\"text-decoration: underline;\"><a title=\"Selecci\u00f3 i HeadHunting\" href=\"http:\/\/blog.coesport.com\/?page_id=58\"><span style=\"color: #000000; text-decoration: underline;\">Selecci\u00f3 de Persones<\/span><span style=\"color: #000000; text-decoration: underline;\">\u00a0i\u00a0<\/span><\/a><\/span><span style=\"color: #000000;\"><span style=\"text-decoration: underline;\"><a title=\"Selecci\u00f3 i HeadHunting\" href=\"http:\/\/blog.coesport.com\/?page_id=58\">HeadHunting<\/a><\/span><\/span><\/span><\/strong><\/p>\n<p style=\"text-align: justify; padding-left: 30px;\"><span style=\"color: #99cc00;\"><strong><span style=\"color: #33cc33;\"><i>Identifiquem el millor talent per a la seva organitzaci\u00f3.<\/i><\/span><\/strong><br \/>\n<\/span><\/p>\n<p style=\"text-align: justify;\"><span style=\"text-decoration: underline;\"><span style=\"color: #000000;\"><strong><a href=\"http:\/\/blog.coesport.com\/?page_id=52\"><span style=\"color: #000000; text-decoration: underline;\">Esport Municipal<\/span><\/a><\/strong><\/span><\/span><\/p>\n<p style=\"text-align: justify; padding-left: 30px;\"><span style=\"color: #33cc33;\"><em><strong>Ajudem als municipis a tenir una bona \u00e0rea d&#8217;esports.<\/strong><\/em><\/span><\/p>\n","protected":false},"excerpt":{"rendered":"<p>A banda del servei complert de Consultoria, CoEsport tamb\u00e9 ofereix serveis de forma a\u00efllada.\u00a0 Formaci\u00f3 La millor promoci\u00f3 la tenim dintre. Selecci\u00f3 de Persones\u00a0i\u00a0HeadHunting Identifiquem el millor talent per a la seva organitzaci\u00f3. Esport Municipal Ajudem als municipis a tenir&hellip;<\/p>\n<p class=\"more-link-p\"><a class=\"more-link\" href=\"http:\/\/blog.coesport.com\/?page_id=35\">Read more &rarr;<\/a><\/p>\n","protected":false},"author":1,"featured_media":0,"parent":0,"menu_order":1,"comment_status":"open","ping_status":"open","template":"","meta":{"footnotes":""},"class_list":["post-35","page","type-page","status-publish","hentry"],"_links":{"self":[{"href":"http:\/\/blog.coesport.com\/index.php?rest_route=\/wp\/v2\/pages\/35","targetHints":{"allow":["GET"]}}],"collection":[{"href":"http:\/\/blog.coesport.com\/index.php?rest_route=\/wp\/v2\/pages"}],"about":[{"href":"http:\/\/blog.coesport.com\/index.php?rest_route=\/wp\/v2\/types\/page"}],"author":[{"embeddable":true,"href":"http:\/\/blog.coesport.com\/index.php?rest_route=\/wp\/v2\/users\/1"}],"replies":[{"embeddable":true,"href":"http:\/\/blog.coesport.com\/index.php?rest_route=%2Fwp%2Fv2%2Fcomments&post=35"}],"version-history":[{"count":14,"href":"http:\/\/blog.coesport.com\/index.php?rest_route=\/wp\/v2\/pages\/35\/revisions"}],"predecessor-version":[{"id":296,"href":"http:\/\/blog.coesport.com\/index.php?rest_route=\/wp\/v2\/pages\/35\/revisions\/296"}],"wp:attachment":[{"href":"http:\/\/blog.coesport.com\/index.php?rest_route=%2Fwp%2Fv2%2Fmedia&parent=35"}],"curies":[{"name":"wp","href":"https:\/\/api.w.org\/{rel}","templated":true}]}}