{"id":353,"date":"2013-10-14T22:45:03","date_gmt":"2013-10-14T21:45:03","guid":{"rendered":"http:\/\/blog.coesport.com\/?page_id=353"},"modified":"2013-10-24T21:50:49","modified_gmt":"2013-10-24T20:50:49","slug":"observatori","status":"publish","type":"page","link":"http:\/\/blog.coesport.com\/?page_id=353","title":{"rendered":"Observatori"},"content":{"rendered":"<p><strong><span style=\"color: #00ff00;\">Subvencions<\/span><\/strong><\/p>\n<p>&nbsp;<\/p>\n<p><strong><span style=\"color: #00ff00;\">Concursos i Premis<\/span><\/strong><\/p>\n<p><strong>Premi Dona i Esport<\/strong><\/p>\n<p>Convoca:\u00a0Institut Barcelona Esports (AJUNTAMENT DE BARCELONA)<\/p>\n<p>Objectiu:\u00a01.Premi Mireia Tapiador a la Promoci\u00f3 de l\u2019Esport (difusi\u00f3 i promoci\u00f3 de l\u2019esport)).<\/p>\n<p>2. Premi al Mitj\u00e0 de Comunicaci\u00f3(promoci\u00f3 i difusi\u00f3 de fets, activitats i \u00e8xits relacionats amb les dones i l\u2019esport).<\/p>\n<p><span style=\"letter-spacing: 0.05em; line-height: 1.6875;\">\u00a0 \u00a0 \u00a0 \u00a0 \u00a0 \u00a0 \u00a0 \u00a0 3. Premi a la Dona Esportista (traject\u00f2ria esportiva en competici\u00f3 o la consecuci\u00f3 d\u2019alguna fita esportiva).<\/span><\/p>\n<p>4. Premi al Club Esportiu (promoci\u00f3 de l\u2019esport femen\u00ed, per la seva traject\u00f2ria esportiva o la consecuci\u00f3 d\u2019alguna fita esportiva).<\/p>\n<p><a href=\"1. L\u2019objecte del Premi Mireia Tapiador a la Promoci\u00f3 de l\u2019Esport \u00e9s recon\u00e8ixer els m\u00e8rits de la candidata que resulti premiada per la seva tasca de difusi\u00f3 i promoci\u00f3 de l\u2019esport.  2. L\u2019objecte del Premi al Mitj\u00e0 de Comunicaci\u00f3 \u00e9s recon\u00e8ixer els m\u00e8rits de la candidatura que resulti premiada per la tasca de promoci\u00f3 i difusi\u00f3 de fets, activitats i \u00e8xits relacionats amb les dones i l\u2019esport.  3. L\u2019objecte del Premi a la Dona Esportista \u00e9s recon\u00e8ixer els m\u00e8rits de la candidata que resulti premiada per la seva traject\u00f2ria esportiva en competici\u00f3 o la consecuci\u00f3 d\u2019alguna fita esportiva.  4. L\u2019objecte del Premi al Club Esportiu \u00e9s recon\u00e8ixer els m\u00e8rits de la candidatura que resulti premiada per la seva tasca de promoci\u00f3 de l\u2019esport femen\u00ed, per la seva traject\u00f2ria esportiva o la consecuci\u00f3 d\u2019alguna fita esportiva. O b\u00e9 per fomentar la participaci\u00f3 i pres\u00e8ncia de les dones en tots els \u00e0mbits d\u2019actuaci\u00f3 impulsant el principi d\u2019igualtat d\u2019oportunitats.\" target=\"_blank\">+Info<\/a><\/p>\n<p><a href=\"https:\/\/bop.diba.cat\/scripts\/ftpisa.asp?fnew?bop2013&amp;10\/022013023585.pdf&amp;1\" target=\"_blank\">Convocat\u00f2ria<\/a>\u00a0(31 Desembre 2013)<\/p>\n<p><strong>VII\u00a0Premios Estrategia NAOS,\u00a0edici\u00f3n 2013.\u00a0<\/strong><\/p>\n<p>Convoca:\u00a0Agencia Espa\u00f1ola de Seguridad Alimentaria y Nutrici\u00f3n (AESAN)<\/p>\n<p>Objectiu: Reconocer y divulgar \u00a0programas o proyectos enmarcados en los objetivos de la Estrategia para la Nutrici\u00f3n, Actividad F\u00edsica y prevenci\u00f3n de la Obesidad (Estrategia NAOS) y que son: fomentar \u00a0una alimentaci\u00f3n saludable y\/o\u00a0el incremento de la actividad f\u00edsica.<\/p>\n<p><em><a title=\"+Info\" href=\"https:\/\/mail-attachment.googleusercontent.com\/attachment\/u\/0\/?ui=2&amp;ik=80457e52c2&amp;view=att&amp;th=140cec7bff378b75&amp;attid=0.2&amp;disp=inline&amp;safe=1&amp;zw&amp;saduie=AG9B_P8Aas1tZj3ht0GGmBgFPJeC&amp;sadet=1378119149333&amp;sads=Jk38zhinICmsDlizsF_eA36kIDI\">+Info<\/a><\/em><\/p>\n<p><em><a title=\"Convocatoria\" href=\"https:\/\/mail-attachment.googleusercontent.com\/attachment\/u\/0\/?ui=2&amp;ik=80457e52c2&amp;view=att&amp;th=140cec7bff378b75&amp;attid=0.1&amp;disp=inline&amp;safe=1&amp;zw&amp;saduie=AG9B_P8Aas1tZj3ht0GGmBgFPJeC&amp;sadet=1378119146879&amp;sads=s51x-XIqCCzgbhY3taNjLKxn_AQ\">Convocat\u00f2ria<\/a>\u00a0(fins 20 desembre 2013)<\/em><\/p>\n<p><b>II Concurs Idea de Desenvolupament d&#8217;Idees de Negoci Innovadores<\/b><\/p>\n<p>Convoca:\u00a0El vicerectorat UdL de Planificaci\u00f3, Innovaci\u00f3 i Empresa, la C\u00e0tedra Santander d\u2019Emprenedoria Universit\u00e0ria i GLOBALleida<\/p>\n<p>Objectiu: Impulsar la creaci\u00f3 d\u2019empreses innovadores promogudes per estudiants, llicenciats o investigadors en formaci\u00f3, i fomentar la cultura de la innovaci\u00f3. Coneixements aplicats al desenvolupament de productes i\/o serveis amb possibilitat de ser explotats comercialment<\/p>\n<p><a href=\"http:\/\/www.udl.cat\/organs\/vicerectors\/vpie\/idea.html\">+Info<\/a><\/p>\n<p><a href=\"http:\/\/www.udl.cat\/export\/sites\/UdL\/organs\/vicerectors\/vpie\/documents\/II_Concurs_IDEA_-_bases.pdf\">Convocat\u00f2ria (fins 31 gener 2014)<\/a><\/p>\n<p>&nbsp;<\/p>\n<p><b>Beques Act\u00edvica\u00a0<\/b><\/p>\n<p>Convoca:\u00a0<a href=\"http:\/\/www.fundaciojaumecasademont.cat\/index.php?idm=1\">Fundaci\u00f3 Jaume Casademont<\/a><\/p>\n<p>Objectiu: Difondre l\u2019activitat f\u00edsica com a h\u00e0bit saludable i desenvolupar projectes la promoguin a la societat.\u00a0Les beques s\u2019atorgaran als projectes innovadors que s&#8217;apliquin, sense restriccions de cap \u00e0mbit d\u2019actuaci\u00f3,i que siguin capa\u00e7os de transmetre amb continu\u00eftat un comprom\u00eds per una activitat f\u00edsica com a un dels h\u00e0bit diaris saludable i necessari en qualsevol franja d\u2019edat i condici\u00f3 social.<\/p>\n<p><a href=\"http:\/\/www.fundaciojaumecasademont.cat\/projectes2.php?idm=1&amp;subpagina=1&amp;sub=15\">+Info<\/a><\/p>\n<p><a href=\"http:\/\/www.fundaciojaumecasademont.cat\/projectes2.php?idm=1&amp;subpagina=1&amp;sub=15&amp;sub2=2\">Convocat\u00f2ria (fins al 15 d&#8217;abril 2014)<\/a><\/p>\n","protected":false},"excerpt":{"rendered":"<p>Subvencions &nbsp; Concursos i Premis Premi Dona i Esport Convoca:\u00a0Institut Barcelona Esports (AJUNTAMENT DE BARCELONA) Objectiu:\u00a01.Premi Mireia Tapiador a la Promoci\u00f3 de l\u2019Esport (difusi\u00f3 i promoci\u00f3 de l\u2019esport)). 2. Premi al Mitj\u00e0 de Comunicaci\u00f3(promoci\u00f3 i difusi\u00f3 de fets, activitats i&hellip;<\/p>\n<p class=\"more-link-p\"><a class=\"more-link\" href=\"http:\/\/blog.coesport.com\/?page_id=353\">Read more &rarr;<\/a><\/p>\n","protected":false},"author":1,"featured_media":0,"parent":52,"menu_order":0,"comment_status":"closed","ping_status":"closed","template":"","meta":{"footnotes":""},"class_list":["post-353","page","type-page","status-publish","hentry"],"_links":{"self":[{"href":"http:\/\/blog.coesport.com\/index.php?rest_route=\/wp\/v2\/pages\/353","targetHints":{"allow":["GET"]}}],"collection":[{"href":"http:\/\/blog.coesport.com\/index.php?rest_route=\/wp\/v2\/pages"}],"about":[{"href":"http:\/\/blog.coesport.com\/index.php?rest_route=\/wp\/v2\/types\/page"}],"author":[{"embeddable":true,"href":"http:\/\/blog.coesport.com\/index.php?rest_route=\/wp\/v2\/users\/1"}],"replies":[{"embeddable":true,"href":"http:\/\/blog.coesport.com\/index.php?rest_route=%2Fwp%2Fv2%2Fcomments&post=353"}],"version-history":[{"count":7,"href":"http:\/\/blog.coesport.com\/index.php?rest_route=\/wp\/v2\/pages\/353\/revisions"}],"predecessor-version":[{"id":364,"href":"http:\/\/blog.coesport.com\/index.php?rest_route=\/wp\/v2\/pages\/353\/revisions\/364"}],"up":[{"embeddable":true,"href":"http:\/\/blog.coesport.com\/index.php?rest_route=\/wp\/v2\/pages\/52"}],"wp:attachment":[{"href":"http:\/\/blog.coesport.com\/index.php?rest_route=%2Fwp%2Fv2%2Fmedia&parent=353"}],"curies":[{"name":"wp","href":"https:\/\/api.w.org\/{rel}","templated":true}]}}