{"id":44,"date":"2013-03-06T22:24:13","date_gmt":"2013-03-06T22:24:13","guid":{"rendered":"http:\/\/blog.coesport.com\/?page_id=44"},"modified":"2013-09-30T08:57:50","modified_gmt":"2013-09-30T07:57:50","slug":"nosaltres-2","status":"publish","type":"page","link":"http:\/\/blog.coesport.com\/?page_id=44","title":{"rendered":"NOSALTRES"},"content":{"rendered":"<p style=\"text-align: justify;\"><span style=\"color: #000000;\">Som una consultoria per al desenvolupament i <strong>millora organitzativa i t\u00e8cnica de l&#8217;esport<\/strong> a tot el m\u00f3n, a totes les organitzacions.<\/span><\/p>\n<p style=\"text-align: justify;\"><span style=\"color: #000000;\">Sorgim del resultat d&#8217;unir les organitzacions \u2013p\u00fabliques, associatives o privades\u2013, amb un model de consultoria t\u00e8cnica esportiva que t\u00e9 com a objectiu <strong>fer viables econ\u00f2mica i esportivament<\/strong> les esmentades organitzacions amb les quals col\u00b7laborem.<\/span><\/p>\n<p style=\"text-align: justify;\"><span style=\"color: #000000;\">Estructurem aquesta uni\u00f3 perqu\u00e8 les organitzacions siguin un <strong>motor de canvi a trav\u00e9s de l&#8217;esport<\/strong>. Convertim les idees en projectes i aquests en realitats socials i esportives d&#8217;\u00e8xit.<\/span><\/p>\n<p style=\"text-align: justify;\"><span style=\"color: #000000;\">Som el <strong>catalitzador del canvi esportiu<\/strong>. La suma de valors i capacitat d&#8217;un equip hum\u00e0 que posa els seus coneixements i experi\u00e8ncia esportiva al servei de l&#8217;esport i les seves organitzacions.<\/span><\/p>\n<p><span style=\"text-decoration: underline; color: #000000;\"><strong><a href=\"http:\/\/blog.coesport.com\/?page_id=63\"><span style=\"color: #000000; text-decoration: underline;\">El nostre equip<\/span><\/a><\/strong><\/span><\/p>\n<p><span style=\"text-decoration: underline; color: #000000;\"><strong><a href=\"http:\/\/blog.coesport.com\/?page_id=67\"><span style=\"color: #000000; text-decoration: underline;\">Refer\u00e8ncies<\/span><\/a><\/strong><\/span><\/p>\n<p><span style=\"text-decoration: underline; color: #000000;\"><strong><a href=\"http:\/\/blog.coesport.com\/?page_id=70\"><span style=\"color: #000000; text-decoration: underline;\">Contacte<\/span><\/a><\/strong><\/span><\/p>\n","protected":false},"excerpt":{"rendered":"<p>Som una consultoria per al desenvolupament i millora organitzativa i t\u00e8cnica de l&#8217;esport a tot el m\u00f3n, a totes les organitzacions. Sorgim del resultat d&#8217;unir les organitzacions \u2013p\u00fabliques, associatives o privades\u2013, amb un model de consultoria t\u00e8cnica esportiva que t\u00e9&hellip;<\/p>\n<p class=\"more-link-p\"><a class=\"more-link\" href=\"http:\/\/blog.coesport.com\/?page_id=44\">Read more &rarr;<\/a><\/p>\n","protected":false},"author":1,"featured_media":0,"parent":0,"menu_order":5,"comment_status":"open","ping_status":"open","template":"","meta":{"footnotes":""},"class_list":["post-44","page","type-page","status-publish","hentry"],"_links":{"self":[{"href":"http:\/\/blog.coesport.com\/index.php?rest_route=\/wp\/v2\/pages\/44","targetHints":{"allow":["GET"]}}],"collection":[{"href":"http:\/\/blog.coesport.com\/index.php?rest_route=\/wp\/v2\/pages"}],"about":[{"href":"http:\/\/blog.coesport.com\/index.php?rest_route=\/wp\/v2\/types\/page"}],"author":[{"embeddable":true,"href":"http:\/\/blog.coesport.com\/index.php?rest_route=\/wp\/v2\/users\/1"}],"replies":[{"embeddable":true,"href":"http:\/\/blog.coesport.com\/index.php?rest_route=%2Fwp%2Fv2%2Fcomments&post=44"}],"version-history":[{"count":7,"href":"http:\/\/blog.coesport.com\/index.php?rest_route=\/wp\/v2\/pages\/44\/revisions"}],"predecessor-version":[{"id":46,"href":"http:\/\/blog.coesport.com\/index.php?rest_route=\/wp\/v2\/pages\/44\/revisions\/46"}],"wp:attachment":[{"href":"http:\/\/blog.coesport.com\/index.php?rest_route=%2Fwp%2Fv2%2Fmedia&parent=44"}],"curies":[{"name":"wp","href":"https:\/\/api.w.org\/{rel}","templated":true}]}}