{"id":54,"date":"2013-03-13T22:13:16","date_gmt":"2013-03-13T22:13:16","guid":{"rendered":"http:\/\/blog.coesport.com\/?page_id=54"},"modified":"2013-09-30T08:50:57","modified_gmt":"2013-09-30T07:50:57","slug":"formacio","status":"publish","type":"page","link":"http:\/\/blog.coesport.com\/?page_id=54","title":{"rendered":"Formaci\u00f3"},"content":{"rendered":"<p style=\"text-align: right;\"><span style=\"color: #33cc33;\"><em><strong>La millor promoci\u00f3 la tenim dintre.<\/strong><\/em><\/span><span style=\"color: #99cc00;\"><span style=\"font-size: 1.17em; letter-spacing: 0.05em; line-height: 1.6875;\"><br \/>\n<\/span><\/span><\/p>\n<p><span style=\"color: #000000;\"><span style=\"outline: #000000; text-align: justify;\"><img loading=\"lazy\" decoding=\"async\" class=\"alignright size-medium wp-image-315\" alt=\"Formaci\u00f3\" src=\"http:\/\/blog.coesport.com\/wp-content\/uploads\/Formaci\u00f3-300x300.jpg\" width=\"300\" height=\"300\" srcset=\"http:\/\/blog.coesport.com\/wp-content\/uploads\/Formaci\u00f3-300x300.jpg 300w, http:\/\/blog.coesport.com\/wp-content\/uploads\/Formaci\u00f3-150x150.jpg 150w, http:\/\/blog.coesport.com\/wp-content\/uploads\/Formaci\u00f3.jpg 382w\" sizes=\"auto, (max-width: 300px) 100vw, 300px\" \/><\/span><\/span><\/p>\n<p style=\"text-align: justify;\">Creem els cursos segons les <strong>necessitats particulars de cada client<\/strong> i li oferim\u00a0suport al llarg de tot el proc\u00e9s d\u2019aprenentatge.\u00a0La nostra finalitat \u00e9s aconseguir el canvi cultural en les organitzacions, d\u2019actitud en les persones, i la <strong>millora de les habilitats dels participants<\/strong> sempre amb les m\u00e0ximes garanties d\u2019\u00e8xit. Per aix\u00f2,\u00a0<em id=\"__mceDel\"><strong>ens involucrem<\/strong> en el projecte transmetent constantment il\u00b7lusi\u00f3 i confian\u00e7a. Perqu\u00e8 nosaltres <strong>som els primers a creure en el que fem<\/strong> i en la consecuci\u00f3 dels prop\u00f2sits que ens marquem.<\/em><\/p>\n","protected":false},"excerpt":{"rendered":"<p>La millor promoci\u00f3 la tenim dintre. Creem els cursos segons les necessitats particulars de cada client i li oferim\u00a0suport al llarg de tot el proc\u00e9s d\u2019aprenentatge.\u00a0La nostra finalitat \u00e9s aconseguir el canvi cultural en les organitzacions, d\u2019actitud en les persones,&hellip;<\/p>\n<p class=\"more-link-p\"><a class=\"more-link\" href=\"http:\/\/blog.coesport.com\/?page_id=54\">Read more &rarr;<\/a><\/p>\n","protected":false},"author":1,"featured_media":0,"parent":35,"menu_order":2,"comment_status":"closed","ping_status":"open","template":"","meta":{"footnotes":""},"class_list":["post-54","page","type-page","status-publish","hentry"],"_links":{"self":[{"href":"http:\/\/blog.coesport.com\/index.php?rest_route=\/wp\/v2\/pages\/54","targetHints":{"allow":["GET"]}}],"collection":[{"href":"http:\/\/blog.coesport.com\/index.php?rest_route=\/wp\/v2\/pages"}],"about":[{"href":"http:\/\/blog.coesport.com\/index.php?rest_route=\/wp\/v2\/types\/page"}],"author":[{"embeddable":true,"href":"http:\/\/blog.coesport.com\/index.php?rest_route=\/wp\/v2\/users\/1"}],"replies":[{"embeddable":true,"href":"http:\/\/blog.coesport.com\/index.php?rest_route=%2Fwp%2Fv2%2Fcomments&post=54"}],"version-history":[{"count":11,"href":"http:\/\/blog.coesport.com\/index.php?rest_route=\/wp\/v2\/pages\/54\/revisions"}],"predecessor-version":[{"id":322,"href":"http:\/\/blog.coesport.com\/index.php?rest_route=\/wp\/v2\/pages\/54\/revisions\/322"}],"up":[{"embeddable":true,"href":"http:\/\/blog.coesport.com\/index.php?rest_route=\/wp\/v2\/pages\/35"}],"wp:attachment":[{"href":"http:\/\/blog.coesport.com\/index.php?rest_route=%2Fwp%2Fv2%2Fmedia&parent=54"}],"curies":[{"name":"wp","href":"https:\/\/api.w.org\/{rel}","templated":true}]}}