{"id":58,"date":"2013-03-13T22:15:10","date_gmt":"2013-03-13T22:15:10","guid":{"rendered":"http:\/\/blog.coesport.com\/?page_id=58"},"modified":"2013-09-30T08:45:28","modified_gmt":"2013-09-30T07:45:28","slug":"seleccio-i-headhunting","status":"publish","type":"page","link":"http:\/\/blog.coesport.com\/?page_id=58","title":{"rendered":"Selecci\u00f3 de Persones i HeadHunting"},"content":{"rendered":"<p style=\"text-align: right;\"><span style=\"color: #33cc33;\"><strong><em>Identifiquem el millor talent per a la seva organitzaci\u00f3.<\/em><\/strong><\/span><\/p>\n<p><img loading=\"lazy\" decoding=\"async\" class=\"wp-image-318 alignright\" style=\"text-align: center;\" alt=\"HeadHunting\" src=\"http:\/\/blog.coesport.com\/wp-content\/uploads\/HeadHunting-300x275.jpg\" width=\"240\" height=\"220\" srcset=\"http:\/\/blog.coesport.com\/wp-content\/uploads\/HeadHunting-300x275.jpg 300w, http:\/\/blog.coesport.com\/wp-content\/uploads\/HeadHunting.jpg 356w\" sizes=\"auto, (max-width: 240px) 100vw, 240px\" \/><\/p>\n<p>&nbsp;<\/p>\n<div style=\"text-align: justify;\"><span style=\"color: #000000;\">Col\u00b7laborem amb la instituci\u00f3 per a definir el perfil del candidat segons el lloc de treball, la cultura, els valors i l\u2019estrat\u00e8gia d\u2019aquesta organitzaci\u00f3. Busquem els candidats entre gent d\u2019\u00e8xit i els acompanyem en la seva adaptaci\u00f3 dins l\u2019organitzaci\u00f3.<\/span><\/p>\n<p><span style=\"color: #000000;\">Alhora de valorar el millor candidat tenim en compte tant la vessant t\u00e8cnica com la humana, sempre girant al voltant de les habilitats, coneixements i actituds de la persona.<\/span><\/div>\n<p style=\"text-align: justify;\"><span style=\"text-decoration: underline;\"><strong><span style=\"color: #000000; text-decoration: underline;\">Fases del HeadHunting<\/span><\/strong><\/span><\/p>\n<p style=\"text-align: justify;\"><span style=\"text-decoration: underline;\"><span style=\"color: #000000; text-decoration: underline;\">1. Estudi &#8211; Coneixem l\u2019organitzaci\u00f3<\/span><\/span><\/p>\n<p style=\"text-align: justify;\"><span style=\"color: #000000;\">Abans de comen\u00e7ar la cerca, volem con\u00e8ixer a fons l\u2019organitzaci\u00f3, tot estudiant els seus objectius, visi\u00f3, missi\u00f3, funcionament i cultura organitzativa.<\/span><\/p>\n<p style=\"text-align: justify;\"><span style=\"text-decoration: underline;\"><span style=\"color: #000000; text-decoration: underline;\">2. An\u00e0lisi &#8211; Creem el Perfil del candidat<\/span><\/span><\/p>\n<p style=\"text-align: justify;\"><span style=\"color: #000000;\">Conjuntament amb l&#8217;organitzaci\u00f3, tracem el perfil del candidat i definim el contingut del lloc de treball.<\/span><\/p>\n<p style=\"text-align: justify;\"><span style=\"color: #000000;\"><img loading=\"lazy\" decoding=\"async\" class=\"alignright size-medium wp-image-317\" style=\"letter-spacing: 0.05em; line-height: 1.6875; text-align: justify;\" alt=\"Habilitats, coneixements, actituds\" src=\"http:\/\/blog.coesport.com\/wp-content\/uploads\/Habilitats-coneixements-actituds-300x230.jpg\" width=\"300\" height=\"230\" srcset=\"http:\/\/blog.coesport.com\/wp-content\/uploads\/Habilitats-coneixements-actituds-300x230.jpg 300w, http:\/\/blog.coesport.com\/wp-content\/uploads\/Habilitats-coneixements-actituds.jpg 391w\" sizes=\"auto, (max-width: 300px) 100vw, 300px\" \/><span style=\"text-decoration: underline;\">3. Cerquem i contactem amb el candidat<\/span><\/span><\/p>\n<p style=\"text-align: justify;\"><span style=\"color: #000000;\">Investigaci\u00f3, recerca i contacte dels <\/span><span style=\"color: #000000;\">candidats.<\/span><\/p>\n<p style=\"padding-left: 30px; text-align: justify;\"><span style=\"color: #000000;\">&#8211; Recerca de candidats entre professionals d\u2019\u00e8xit i resultats contrastats.<\/span><\/p>\n<p style=\"padding-left: 30px; text-align: justify;\"><span style=\"color: #000000;\">&#8211; Contacte i entrevista amb el candidat.<\/span><\/p>\n<p style=\"text-align: justify;\"><span style=\"text-decoration: underline;\"><span style=\"color: #000000; text-decoration: underline;\">4. Implantaci\u00f3\u00a0&#8211; Escollim el millor candidat<\/span><\/span><\/p>\n<p style=\"text-align: justify;\"><span style=\"color: #000000;\">Presentem l\u2019informe de 3 candidats perqu\u00e8 facin una \u00faltima entrevista amb l\u2019organitzaci\u00f3.<\/span><\/p>\n<p style=\"text-align: justify;\"><span style=\"text-decoration: underline;\"><span style=\"color: #000000; text-decoration: underline;\">5. Seguiment &#8211; Acompanyem al candidat<\/span><\/span><\/p>\n<p style=\"text-align: justify;\"><span style=\"color: #000000;\">Cooperem al costat del candidat per ajudar-lo i garantir la seva correcta adaptaci\u00f3 i funcionament dins l\u2019organitzaci\u00f3.<\/span><\/p>\n<p style=\"text-align: justify;\"><em><span style=\"color: #000000;\">* <span style=\"text-decoration: underline;\">Garantia d\u2019un any.<\/span> Si el candidat abandon\u00e9s o estigu\u00e9s obligat a abandonar l\u2019empresa, <span style=\"color: #33cc33;\">Co<\/span>Esport buscaria un altre candidat sense cost addicional.<\/span><\/em><\/p>\n","protected":false},"excerpt":{"rendered":"<p>Identifiquem el millor talent per a la seva organitzaci\u00f3. &nbsp; Col\u00b7laborem amb la instituci\u00f3 per a definir el perfil del candidat segons el lloc de treball, la cultura, els valors i l\u2019estrat\u00e8gia d\u2019aquesta organitzaci\u00f3. Busquem els candidats entre gent d\u2019\u00e8xit&hellip;<\/p>\n<p class=\"more-link-p\"><a class=\"more-link\" href=\"http:\/\/blog.coesport.com\/?page_id=58\">Read more &rarr;<\/a><\/p>\n","protected":false},"author":1,"featured_media":0,"parent":35,"menu_order":2,"comment_status":"closed","ping_status":"open","template":"","meta":{"footnotes":""},"class_list":["post-58","page","type-page","status-publish","hentry"],"_links":{"self":[{"href":"http:\/\/blog.coesport.com\/index.php?rest_route=\/wp\/v2\/pages\/58","targetHints":{"allow":["GET"]}}],"collection":[{"href":"http:\/\/blog.coesport.com\/index.php?rest_route=\/wp\/v2\/pages"}],"about":[{"href":"http:\/\/blog.coesport.com\/index.php?rest_route=\/wp\/v2\/types\/page"}],"author":[{"embeddable":true,"href":"http:\/\/blog.coesport.com\/index.php?rest_route=\/wp\/v2\/users\/1"}],"replies":[{"embeddable":true,"href":"http:\/\/blog.coesport.com\/index.php?rest_route=%2Fwp%2Fv2%2Fcomments&post=58"}],"version-history":[{"count":14,"href":"http:\/\/blog.coesport.com\/index.php?rest_route=\/wp\/v2\/pages\/58\/revisions"}],"predecessor-version":[{"id":138,"href":"http:\/\/blog.coesport.com\/index.php?rest_route=\/wp\/v2\/pages\/58\/revisions\/138"}],"up":[{"embeddable":true,"href":"http:\/\/blog.coesport.com\/index.php?rest_route=\/wp\/v2\/pages\/35"}],"wp:attachment":[{"href":"http:\/\/blog.coesport.com\/index.php?rest_route=%2Fwp%2Fv2%2Fmedia&parent=58"}],"curies":[{"name":"wp","href":"https:\/\/api.w.org\/{rel}","templated":true}]}}