{"id":63,"date":"2013-03-13T22:19:03","date_gmt":"2013-03-13T22:19:03","guid":{"rendered":"http:\/\/blog.coesport.com\/?page_id=63"},"modified":"2013-09-30T09:10:56","modified_gmt":"2013-09-30T08:10:56","slug":"qui-som","status":"publish","type":"page","link":"http:\/\/blog.coesport.com\/?page_id=63","title":{"rendered":"El nostre equip"},"content":{"rendered":"<p style=\"text-align: justify;\"><span style=\"color: #000000;\">Un equip de persones, Llicenciats en Ci\u00e8ncies de l&#8217;Activitat F\u00edsica i l&#8217;Esport, especialitzats en la planificaci\u00f3, avaluaci\u00f3, gesti\u00f3 i implantaci\u00f3 de noves pol\u00edtiques esportives.<\/span><\/p>\n<p style=\"text-align: justify;\"><span style=\"color: #000000;\">Connectem amb les inquietuds de les diferents organitzacions per a les quals treballem des de qualsevol \u00e0mbit: competitiu, salut i benestar, escolar i de turisme actiu.<\/span><\/p>\n<p style=\"text-align: justify;\"><span style=\"color: #000000;\">\u00a0 \u00a0 \u00a0 Daniel C\u00f3rdoba i Lled\u00f3 \u00a0 \u00a0 \u00a0 \u00a0 \u00a0 \u00a0 \u00a0 \u00a0 \u00a0 \u00a0 \u00a0 \u00a0 \u00a0 \u00a0 \u00a0 \u00a0 \u00a0 \u00a0 \u00a0 \u00a0 \u00a0 \u00a0 \u00a0 \u00a0 \u00a0 \u00a0 \u00a0 \u00a0 \u00a0 \u00a0 \u00a0 \u00a0 \u00a0 \u00a0 \u00a0 \u00a0 \u00a0 \u00a0 \u00a0 \u00a0 \u00a0 \u00a0 \u00a0 \u00a0 \u00a0 \u00a0 \u00a0 \u00a0 \u00a0 \u00a0 \u00a0 \u00a0 \u00a0 \u00a0 \u00a0 \u00a0 \u00a0 \u00a0 \u00a0 \u00a0 \u00a0 \u00a0 \u00a0 \u00a0 \u00a0 \u00a0 \u00a0Marc Palol Mir<\/span><\/p>\n<p style=\"text-align: justify;\"><em id=\"__mceDel\"><span style=\"color: #000000;\"><img loading=\"lazy\" decoding=\"async\" class=\" wp-image-311 alignleft\" alt=\"Dani C\u00f3rdoba\" src=\"http:\/\/blog.coesport.com\/wp-content\/uploads\/Dani-C\u00f3rdoba.jpeg\" width=\"216\" height=\"216\" srcset=\"http:\/\/blog.coesport.com\/wp-content\/uploads\/Dani-C\u00f3rdoba.jpeg 240w, http:\/\/blog.coesport.com\/wp-content\/uploads\/Dani-C\u00f3rdoba-150x150.jpeg 150w\" sizes=\"auto, (max-width: 216px) 100vw, 216px\" \/><\/span><\/em><\/p>\n<p><img loading=\"lazy\" decoding=\"async\" class=\"wp-image-310 alignright\" alt=\"Foto carnet Marc\" src=\"http:\/\/blog.coesport.com\/wp-content\/uploads\/Foto-carnet-Marc-245x300.jpg\" width=\"177\" height=\"216\" srcset=\"http:\/\/blog.coesport.com\/wp-content\/uploads\/Foto-carnet-Marc-245x300.jpg 245w, http:\/\/blog.coesport.com\/wp-content\/uploads\/Foto-carnet-Marc.jpg 263w\" sizes=\"auto, (max-width: 177px) 100vw, 177px\" \/><\/p>\n","protected":false},"excerpt":{"rendered":"<p>Un equip de persones, Llicenciats en Ci\u00e8ncies de l&#8217;Activitat F\u00edsica i l&#8217;Esport, especialitzats en la planificaci\u00f3, avaluaci\u00f3, gesti\u00f3 i implantaci\u00f3 de noves pol\u00edtiques esportives. Connectem amb les inquietuds de les diferents organitzacions per a les quals treballem des de qualsevol&hellip;<\/p>\n<p class=\"more-link-p\"><a class=\"more-link\" href=\"http:\/\/blog.coesport.com\/?page_id=63\">Read more &rarr;<\/a><\/p>\n","protected":false},"author":1,"featured_media":0,"parent":44,"menu_order":1,"comment_status":"closed","ping_status":"open","template":"","meta":{"footnotes":""},"class_list":["post-63","page","type-page","status-publish","hentry"],"_links":{"self":[{"href":"http:\/\/blog.coesport.com\/index.php?rest_route=\/wp\/v2\/pages\/63","targetHints":{"allow":["GET"]}}],"collection":[{"href":"http:\/\/blog.coesport.com\/index.php?rest_route=\/wp\/v2\/pages"}],"about":[{"href":"http:\/\/blog.coesport.com\/index.php?rest_route=\/wp\/v2\/types\/page"}],"author":[{"embeddable":true,"href":"http:\/\/blog.coesport.com\/index.php?rest_route=\/wp\/v2\/users\/1"}],"replies":[{"embeddable":true,"href":"http:\/\/blog.coesport.com\/index.php?rest_route=%2Fwp%2Fv2%2Fcomments&post=63"}],"version-history":[{"count":5,"href":"http:\/\/blog.coesport.com\/index.php?rest_route=\/wp\/v2\/pages\/63\/revisions"}],"predecessor-version":[{"id":309,"href":"http:\/\/blog.coesport.com\/index.php?rest_route=\/wp\/v2\/pages\/63\/revisions\/309"}],"up":[{"embeddable":true,"href":"http:\/\/blog.coesport.com\/index.php?rest_route=\/wp\/v2\/pages\/44"}],"wp:attachment":[{"href":"http:\/\/blog.coesport.com\/index.php?rest_route=%2Fwp%2Fv2%2Fmedia&parent=63"}],"curies":[{"name":"wp","href":"https:\/\/api.w.org\/{rel}","templated":true}]}}